{"id":26,"date":"2019-01-10T16:13:08","date_gmt":"2019-01-10T16:13:08","guid":{"rendered":"http:\/\/www.kingdomfoundation.org.ec\/wkieb\/?page_id=26"},"modified":"2019-09-18T11:34:01","modified_gmt":"2019-09-18T16:34:01","slug":"inicio","status":"publish","type":"page","link":"http:\/\/kingdomfoundation.org.ec\/","title":{"rendered":"<!Home>"},"content":{"rendered":"\t\t<div data-elementor-type=\"wp-post\" data-elementor-id=\"26\" class=\"elementor elementor-26 elementor-bc-flex-widget\" data-elementor-settings=\"[]\">\n\t\t\t\t\t\t<div class=\"elementor-inner\">\n\t\t\t\t\t\t\t<div class=\"elementor-section-wrap\">\n\t\t\t\t\t\t\t<section class=\"elementor-section elementor-top-section elementor-element elementor-element-7cfb34d3 elementor-section-stretched elementor-section-boxed elementor-section-height-default elementor-section-height-default\" data-id=\"7cfb34d3\" data-element_type=\"section\" data-settings=\"{&quot;stretch_section&quot;:&quot;section-stretched&quot;}\">\n\t\t\t\t\t\t<div class=\"elementor-container elementor-column-gap-default\">\n\t\t\t\t\t\t\t<div class=\"elementor-row\">\n\t\t\t\t\t<div class=\"elementor-column elementor-col-100 elementor-top-column elementor-element elementor-element-683fb576\" data-id=\"683fb576\" data-element_type=\"column\">\n\t\t\t<div class=\"elementor-column-wrap elementor-element-populated\">\n\t\t\t\t\t\t\t<div class=\"elementor-widget-wrap\">\n\t\t\t\t\t\t<div class=\"elementor-element elementor-element-ecca5ca elementor-widget elementor-widget-heading\" data-id=\"ecca5ca\" data-element_type=\"widget\" data-widget_type=\"heading.default\">\n\t\t\t\t<div class=\"elementor-widget-container\">\n\t\t\t<h2 class=\"elementor-heading-title elementor-size-default\">EXTENDIENDO EL REINO DE DIOS<\/h2>\t\t<\/div>\n\t\t\t\t<\/div>\n\t\t\t\t<div class=\"elementor-element elementor-element-501f392 elementor-widget elementor-widget-heading\" data-id=\"501f392\" data-element_type=\"widget\" data-widget_type=\"heading.default\">\n\t\t\t\t<div class=\"elementor-widget-container\">\n\t\t\t<h2 class=\"elementor-heading-title elementor-size-default\">EN LA TIERRA<\/h2>\t\t<\/div>\n\t\t\t\t<\/div>\n\t\t\t\t<div class=\"elementor-element elementor-element-e542e12 elementor-widget-divider--view-line elementor-widget elementor-widget-divider\" data-id=\"e542e12\" data-element_type=\"widget\" data-widget_type=\"divider.default\">\n\t\t\t\t<div class=\"elementor-widget-container\">\n\t\t\t\t\t<div class=\"elementor-divider\">\n\t\t\t<span class=\"elementor-divider-separator\">\n\t\t\t\t\t\t<\/span>\n\t\t<\/div>\n\t\t\t\t<\/div>\n\t\t\t\t<\/div>\n\t\t\t\t<div class=\"elementor-element elementor-element-71c350a elementor-widget elementor-widget-text-editor\" data-id=\"71c350a\" data-element_type=\"widget\" data-widget_type=\"text-editor.default\">\n\t\t\t\t<div class=\"elementor-widget-container\">\n\t\t\t\t\t<div class=\"elementor-text-editor elementor-clearfix\"><p>Mas la hora viene, y ahora es, cuando los verdaderos adoradores adorar\u00e1n al Padre en esp\u00edritu y en verdad; porque tambi\u00e9n el Padre tales adoradores busca que le adoren.<\/p><p>Juan 4:23\u200b<\/p><\/div>\n\t\t\t\t<\/div>\n\t\t\t\t<\/div>\n\t\t\t\t\t\t<\/div>\n\t\t\t\t\t<\/div>\n\t\t<\/div>\n\t\t\t\t\t\t\t\t<\/div>\n\t\t\t\t\t<\/div>\n\t\t<\/section>\n\t\t\t\t\t\t<\/div>\n\t\t\t\t\t\t<\/div>\n\t\t\t\t\t<\/div>\n\t\t","protected":false},"excerpt":{"rendered":"<p>EXTENDIENDO EL REINO DE DIOS EN LA TIERRA Mas la hora viene, y ahora es, cuando los verdaderos adoradores adorar\u00e1n al Padre en esp\u00edritu y en verdad; porque tambi\u00e9n el Padre tales adoradores busca que le adoren. Juan 4:23\u200b<\/p>\n","protected":false},"author":1,"featured_media":267,"parent":0,"menu_order":0,"comment_status":"closed","ping_status":"closed","template":"","meta":{"footnotes":""},"_links":{"self":[{"href":"http:\/\/kingdomfoundation.org.ec\/index.php?rest_route=\/wp\/v2\/pages\/26"}],"collection":[{"href":"http:\/\/kingdomfoundation.org.ec\/index.php?rest_route=\/wp\/v2\/pages"}],"about":[{"href":"http:\/\/kingdomfoundation.org.ec\/index.php?rest_route=\/wp\/v2\/types\/page"}],"author":[{"embeddable":true,"href":"http:\/\/kingdomfoundation.org.ec\/index.php?rest_route=\/wp\/v2\/users\/1"}],"replies":[{"embeddable":true,"href":"http:\/\/kingdomfoundation.org.ec\/index.php?rest_route=%2Fwp%2Fv2%2Fcomments&post=26"}],"version-history":[{"count":25,"href":"http:\/\/kingdomfoundation.org.ec\/index.php?rest_route=\/wp\/v2\/pages\/26\/revisions"}],"predecessor-version":[{"id":420,"href":"http:\/\/kingdomfoundation.org.ec\/index.php?rest_route=\/wp\/v2\/pages\/26\/revisions\/420"}],"wp:featuredmedia":[{"embeddable":true,"href":"http:\/\/kingdomfoundation.org.ec\/index.php?rest_route=\/wp\/v2\/media\/267"}],"wp:attachment":[{"href":"http:\/\/kingdomfoundation.org.ec\/index.php?rest_route=%2Fwp%2Fv2%2Fmedia&parent=26"}],"curies":[{"name":"wp","href":"https:\/\/api.w.org\/{rel}","templated":true}]}}